{"id":482,"date":"2026-05-16T17:11:09","date_gmt":"2026-05-16T15:11:09","guid":{"rendered":"https:\/\/sunwalk.pl\/?page_id=482"},"modified":"2026-05-16T18:47:05","modified_gmt":"2026-05-16T16:47:05","slug":"kontakt-i-cena-de","status":"publish","type":"page","link":"https:\/\/sunwalk.pl\/?page_id=482&lang=de","title":{"rendered":"Kontakt i cena De"},"content":{"rendered":"\n<div class=\"wp-block-columns has-ast-global-color-7-background-color has-background is-layout-flex wp-container-core-columns-is-layout-28f84493 wp-block-columns-is-layout-flex\">\n<div class=\"wp-block-column is-layout-flow wp-block-column-is-layout-flow\">\n<p class=\"has-text-align-center has-vivid-red-color has-text-color has-link-color has-large-font-size wp-elements-24907f42345626b8ab240d216806d7c6\"><strong>PREISE<\/strong><\/p>\n\n\n\n<p class=\"has-medium-font-size\"><strong>380 &#8211; PLN do 3 godzin<\/strong><\/p>\n\n\n\n<p class=\"has-medium-font-size\"><strong>650,- PLN do 6 godzin<\/strong><\/p>\n\n\n\n<p class=\"has-medium-font-size\">\u200b<\/p>\n\n\n\n<p class=\"has-medium-font-size\"><strong>Oprowadzanie powy\u017cej 6 godzin<\/strong><\/p>\n\n\n\n<p class=\"has-medium-font-size\"><strong>cena do uzgodnienia<\/strong><\/p>\n\n\n\n<p class=\"has-medium-font-size\">\u200b<\/p>\n\n\n\n<p class=\"has-medium-font-size\"><strong>Cena nie obejmuje op\u0142at za wej\u015bcia do muze\u00f3w i na punkty widokowe<\/strong><\/p>\n\n\n\n<figure class=\"wp-block-image size-large\"><img loading=\"lazy\" decoding=\"async\" width=\"768\" height=\"1024\" src=\"https:\/\/sunwalk.pl\/wp-content\/uploads\/2026\/05\/IMG_20180929_064713-768x1024.jpg\" alt=\"\" class=\"wp-image-229\" srcset=\"https:\/\/sunwalk.pl\/wp-content\/uploads\/2026\/05\/IMG_20180929_064713-768x1024.jpg 768w, https:\/\/sunwalk.pl\/wp-content\/uploads\/2026\/05\/IMG_20180929_064713-225x300.jpg 225w, https:\/\/sunwalk.pl\/wp-content\/uploads\/2026\/05\/IMG_20180929_064713-1152x1536.jpg 1152w, https:\/\/sunwalk.pl\/wp-content\/uploads\/2026\/05\/IMG_20180929_064713-1536x2048.jpg 1536w, https:\/\/sunwalk.pl\/wp-content\/uploads\/2026\/05\/IMG_20180929_064713.jpg 1920w\" sizes=\"auto, (max-width: 768px) 100vw, 768px\" \/><\/figure>\n<\/div>\n\n\n\n<div class=\"wp-block-column is-layout-flow wp-block-column-is-layout-flow\">\n<figure class=\"wp-block-image size-large\"><img loading=\"lazy\" decoding=\"async\" width=\"894\" height=\"1024\" src=\"https:\/\/sunwalk.pl\/wp-content\/uploads\/2026\/05\/IMG_20200225_120224_edited-894x1024.jpg\" alt=\"\" class=\"wp-image-389\" srcset=\"https:\/\/sunwalk.pl\/wp-content\/uploads\/2026\/05\/IMG_20200225_120224_edited-894x1024.jpg 894w, https:\/\/sunwalk.pl\/wp-content\/uploads\/2026\/05\/IMG_20200225_120224_edited-262x300.jpg 262w, https:\/\/sunwalk.pl\/wp-content\/uploads\/2026\/05\/IMG_20200225_120224_edited-768x880.jpg 768w, https:\/\/sunwalk.pl\/wp-content\/uploads\/2026\/05\/IMG_20200225_120224_edited-1340x1536.jpg 1340w, https:\/\/sunwalk.pl\/wp-content\/uploads\/2026\/05\/IMG_20200225_120224_edited-1787x2048.jpg 1787w\" sizes=\"auto, (max-width: 894px) 100vw, 894px\" \/><\/figure>\n\n\n\n<p class=\"has-vivid-red-color has-text-color has-link-color has-large-font-size wp-elements-eac872f9e099165607d30a5c3595a7a8\"><strong>TRETEN SIE IN KONTAKT AN<\/strong><\/p>\n\n\n\n<p class=\"has-medium-font-size\" style=\"margin-top:0;margin-bottom:0\">Sunwalk ist focused um die&nbsp;Erwartungen \u00fcberschreiten.<\/p>\n\n\n\n<p class=\"has-medium-font-size\" style=\"margin-top:0;margin-bottom:0\">Fragen, Kommentare&nbsp;oder&nbsp;besondere&nbsp;Bitte?<br>Freut mich von dir zu h\u00f6ren!<br>Also z\u00f6gere&nbsp;nicht zu fragen!<\/p>\n\n\n\n<p><a href=\"mailto:pawlak.kasia@gmail.com\">pawlak.kasia@gmail.com<\/a><\/p>\n\n\n\n<p>tel. <a href=\"tel:+48696274305\">+48 696 274 305<\/a><\/p>\n\n\n\n<ul class=\"wp-block-social-links is-layout-flex wp-block-social-links-is-layout-flex\"><li class=\"wp-social-link wp-social-link-facebook  wp-block-social-link\"><a href=\"https:\/\/www.facebook.com\/katarzyna.pawlak.9085\/\" class=\"wp-block-social-link-anchor\" target=\"_blank\" rel=\"noopener\"><svg width=\"24\" height=\"24\" viewBox=\"0 0 24 24\" version=\"1.1\" xmlns=\"http:\/\/www.w3.org\/2000\/svg\" aria-hidden=\"true\" focusable=\"false\"><path d=\"M12 2C6.5 2 2 6.5 2 12c0 5 3.7 9.1 8.4 9.9v-7H7.9V12h2.5V9.8c0-2.5 1.5-3.9 3.8-3.9 1.1 0 2.2.2 2.2.2v2.5h-1.3c-1.2 0-1.6.8-1.6 1.6V12h2.8l-.4 2.9h-2.3v7C18.3 21.1 22 17 22 12c0-5.5-4.5-10-10-10z\"><\/path><\/svg><span class=\"wp-block-social-link-label screen-reader-text\">Facebook<\/span><\/a><\/li><\/ul>\n<\/div>\n<\/div>\n\n\n\n<p><\/p>\n","protected":false},"excerpt":{"rendered":"<p>PREISE 380 &#8211; PLN do 3 godzin 650,- PLN do 6 godzin \u200b Oprowadzanie powy\u017cej 6 godzin cena do uzgodnienia [&hellip;]<\/p>\n","protected":false},"author":1,"featured_media":0,"parent":0,"menu_order":0,"comment_status":"closed","ping_status":"closed","template":"","meta":{"site-sidebar-layout":"default","site-content-layout":"","ast-site-content-layout":"default","site-content-style":"default","site-sidebar-style":"default","ast-global-header-display":"","ast-banner-title-visibility":"","ast-main-header-display":"","ast-hfb-above-header-display":"","ast-hfb-below-header-display":"","ast-hfb-mobile-header-display":"","site-post-title":"disabled","ast-breadcrumbs-content":"","ast-featured-img":"","footer-sml-layout":"","ast-disable-related-posts":"","theme-transparent-header-meta":"","adv-header-id-meta":"","stick-header-meta":"","header-above-stick-meta":"","header-main-stick-meta":"","header-below-stick-meta":"","astra-migrate-meta-layouts":"default","ast-page-background-enabled":"default","ast-page-background-meta":{"desktop":{"background-color":"var(--ast-global-color-5)","background-image":"","background-repeat":"repeat","background-position":"center center","background-size":"auto","background-attachment":"scroll","background-type":"","background-media":"","overlay-type":"","overlay-color":"","overlay-opacity":"","overlay-gradient":""},"tablet":{"background-color":"","background-image":"","background-repeat":"repeat","background-position":"center center","background-size":"auto","background-attachment":"scroll","background-type":"","background-media":"","overlay-type":"","overlay-color":"","overlay-opacity":"","overlay-gradient":""},"mobile":{"background-color":"","background-image":"","background-repeat":"repeat","background-position":"center center","background-size":"auto","background-attachment":"scroll","background-type":"","background-media":"","overlay-type":"","overlay-color":"","overlay-opacity":"","overlay-gradient":""}},"ast-content-background-meta":{"desktop":{"background-color":"var(--ast-global-color-4)","background-image":"","background-repeat":"repeat","background-position":"center center","background-size":"auto","background-attachment":"scroll","background-type":"","background-media":"","overlay-type":"","overlay-color":"","overlay-opacity":"","overlay-gradient":""},"tablet":{"background-color":"var(--ast-global-color-4)","background-image":"","background-repeat":"repeat","background-position":"center center","background-size":"auto","background-attachment":"scroll","background-type":"","background-media":"","overlay-type":"","overlay-color":"","overlay-opacity":"","overlay-gradient":""},"mobile":{"background-color":"var(--ast-global-color-4)","background-image":"","background-repeat":"repeat","background-position":"center center","background-size":"auto","background-attachment":"scroll","background-type":"","background-media":"","overlay-type":"","overlay-color":"","overlay-opacity":"","overlay-gradient":""}},"footnotes":""},"class_list":["post-482","page","type-page","status-publish","hentry"],"_links":{"self":[{"href":"https:\/\/sunwalk.pl\/index.php?rest_route=\/wp\/v2\/pages\/482","targetHints":{"allow":["GET"]}}],"collection":[{"href":"https:\/\/sunwalk.pl\/index.php?rest_route=\/wp\/v2\/pages"}],"about":[{"href":"https:\/\/sunwalk.pl\/index.php?rest_route=\/wp\/v2\/types\/page"}],"author":[{"embeddable":true,"href":"https:\/\/sunwalk.pl\/index.php?rest_route=\/wp\/v2\/users\/1"}],"replies":[{"embeddable":true,"href":"https:\/\/sunwalk.pl\/index.php?rest_route=%2Fwp%2Fv2%2Fcomments&post=482"}],"version-history":[{"count":2,"href":"https:\/\/sunwalk.pl\/index.php?rest_route=\/wp\/v2\/pages\/482\/revisions"}],"predecessor-version":[{"id":515,"href":"https:\/\/sunwalk.pl\/index.php?rest_route=\/wp\/v2\/pages\/482\/revisions\/515"}],"wp:attachment":[{"href":"https:\/\/sunwalk.pl\/index.php?rest_route=%2Fwp%2Fv2%2Fmedia&parent=482"}],"curies":[{"name":"wp","href":"https:\/\/api.w.org\/{rel}","templated":true}]}}