{"id":45,"date":"2026-05-16T12:50:38","date_gmt":"2026-05-16T10:50:38","guid":{"rendered":"https:\/\/sunwalk.pl\/?page_id=45"},"modified":"2026-05-16T16:06:12","modified_gmt":"2026-05-16T14:06:12","slug":"startseite","status":"publish","type":"page","link":"https:\/\/sunwalk.pl\/?page_id=45&lang=de","title":{"rendered":"Strona domowa de"},"content":{"rendered":"\n<div class=\"wp-block-cover is-light\"><img loading=\"lazy\" decoding=\"async\" width=\"678\" height=\"1024\" class=\"wp-block-cover__image-background wp-image-32 size-large\" alt=\"\" src=\"https:\/\/sunwalk.pl\/wp-content\/uploads\/2026\/05\/IMG_20180819_072451_edited_edited-678x1024.jpg\" data-object-fit=\"cover\" srcset=\"https:\/\/sunwalk.pl\/wp-content\/uploads\/2026\/05\/IMG_20180819_072451_edited_edited-678x1024.jpg 678w, https:\/\/sunwalk.pl\/wp-content\/uploads\/2026\/05\/IMG_20180819_072451_edited_edited-199x300.jpg 199w, https:\/\/sunwalk.pl\/wp-content\/uploads\/2026\/05\/IMG_20180819_072451_edited_edited-768x1160.jpg 768w, https:\/\/sunwalk.pl\/wp-content\/uploads\/2026\/05\/IMG_20180819_072451_edited_edited-1017x1536.jpg 1017w, https:\/\/sunwalk.pl\/wp-content\/uploads\/2026\/05\/IMG_20180819_072451_edited_edited-1356x2048.jpg 1356w, https:\/\/sunwalk.pl\/wp-content\/uploads\/2026\/05\/IMG_20180819_072451_edited_edited.jpg 1695w\" sizes=\"auto, (max-width: 678px) 100vw, 678px\" \/><span aria-hidden=\"true\" class=\"wp-block-cover__background has-background-dim\" style=\"background-color:#ad9965\"><\/span><div class=\"wp-block-cover__inner-container is-layout-constrained wp-block-cover-is-layout-constrained\">\n<p class=\"has-text-align-center has-vivid-red-color has-text-color has-link-color has-large-font-size wp-elements-aebdf4bb078d96c2fa696d0dffbff955\" style=\"margin-top:var(--wp--preset--spacing--30);margin-bottom:var(--wp--preset--spacing--30)\"><strong>SUNWALK<\/strong><\/p>\n\n\n\n<p class=\"has-text-align-center has-ast-global-color-4-color has-text-color has-link-color has-medium-font-size wp-elements-0720e83db6d3942729d0a5c6e41c6131\" style=\"margin-top:0;margin-bottom:0\">Tourist F\u00fchrer auf English&nbsp;und Deutsch<\/p>\n\n\n\n<p class=\"has-text-align-center has-ast-global-color-4-color has-text-color has-link-color has-medium-font-size wp-elements-7a07a02698e9c3259128fc13684c67c7\" style=\"margin-top:0;margin-bottom:0\">&nbsp;Haben Sie Lebensfreunde&nbsp;nicht morgen sondern heute<\/p>\n\n\n\n<p class=\"has-white-color has-text-color has-link-color wp-elements-c645e628e62f8fbab9d9726851472d16\"><\/p>\n\n\n\n<p class=\"has-text-align-center has-white-color has-text-color has-link-color has-medium-font-size wp-elements-11aefce1ea7acc70fb6d7cb527e85508\" style=\"margin-top:0;margin-bottom:0\">Als Tourist F\u00fchrer ich biete der Begleitung bei Entdeckungen die Norden Teil Polens &#8211; Dreistadt: Danzig, Zoppot und Gdingen<\/p>\n\n\n\n<p class=\"has-text-align-center has-white-color has-text-color has-link-color has-medium-font-size wp-elements-1e9e887b69fde633d5ab7cee7341c75d\" style=\"margin-top:0;margin-bottom:0\">Hier bin ich geboren und<\/p>\n\n\n\n<p class=\"has-text-align-center has-white-color has-text-color has-link-color has-medium-font-size wp-elements-85484b46828df7c862a49feb3c3a30ef\" style=\"margin-top:0;margin-bottom:0\">immer wieder entdecke die Sch\u0151nheit dieser Region.<\/p>\n\n\n\n<p class=\"has-text-align-center has-white-color has-text-color has-link-color has-medium-font-size wp-elements-ec50ebd500724ab0277942b3634210d9\" style=\"margin-top:0;margin-bottom:0\">Das macht mir viel Spa\u00df die andere Leute kennenzulernen und genie\u00dfen diese besondere Atmosph\u00e4re zusammen.<\/p>\n\n\n\n<p class=\"has-text-align-center has-white-color has-text-color has-link-color has-medium-font-size wp-elements-0cb1086c258468fecf37b2fde6020768\" style=\"margin-top:0;margin-bottom:0\">Herzlich willkommen in der Welt mit unglaublische Vielfalt von sch\u0151ne Orte.<\/p>\n<\/div><\/div>\n\n\n\n<p class=\"has-text-align-center\"><strong>+48 696 274 305<\/strong><\/p>\n\n\n\n<ul class=\"wp-block-social-links is-content-justification-center is-layout-flex wp-container-core-social-links-is-layout-a89b3969 wp-block-social-links-is-layout-flex\"><li class=\"wp-social-link wp-social-link-facebook  wp-block-social-link\"><a href=\"https:\/\/www.facebook.com\/katarzyna.pawlak.9085\/\" class=\"wp-block-social-link-anchor\" target=\"_blank\" rel=\"noopener\"><svg width=\"24\" height=\"24\" viewBox=\"0 0 24 24\" version=\"1.1\" xmlns=\"http:\/\/www.w3.org\/2000\/svg\" aria-hidden=\"true\" focusable=\"false\"><path d=\"M12 2C6.5 2 2 6.5 2 12c0 5 3.7 9.1 8.4 9.9v-7H7.9V12h2.5V9.8c0-2.5 1.5-3.9 3.8-3.9 1.1 0 2.2.2 2.2.2v2.5h-1.3c-1.2 0-1.6.8-1.6 1.6V12h2.8l-.4 2.9h-2.3v7C18.3 21.1 22 17 22 12c0-5.5-4.5-10-10-10z\"><\/path><\/svg><span class=\"wp-block-social-link-label screen-reader-text\">Facebook<\/span><\/a><\/li><\/ul>\n\n\n\n<p><\/p>\n","protected":false},"excerpt":{"rendered":"<p>+48 696 274 305<\/p>\n","protected":false},"author":1,"featured_media":0,"parent":0,"menu_order":0,"comment_status":"closed","ping_status":"closed","template":"","meta":{"site-sidebar-layout":"default","site-content-layout":"","ast-site-content-layout":"default","site-content-style":"default","site-sidebar-style":"default","ast-global-header-display":"","ast-banner-title-visibility":"","ast-main-header-display":"","ast-hfb-above-header-display":"","ast-hfb-below-header-display":"","ast-hfb-mobile-header-display":"","site-post-title":"disabled","ast-breadcrumbs-content":"","ast-featured-img":"","footer-sml-layout":"","ast-disable-related-posts":"","theme-transparent-header-meta":"","adv-header-id-meta":"","stick-header-meta":"","header-above-stick-meta":"","header-main-stick-meta":"","header-below-stick-meta":"","astra-migrate-meta-layouts":"default","ast-page-background-enabled":"default","ast-page-background-meta":{"desktop":{"background-color":"var(--ast-global-color-5)","background-image":"","background-repeat":"repeat","background-position":"center center","background-size":"auto","background-attachment":"scroll","background-type":"","background-media":"","overlay-type":"","overlay-color":"","overlay-opacity":"","overlay-gradient":""},"tablet":{"background-color":"","background-image":"","background-repeat":"repeat","background-position":"center center","background-size":"auto","background-attachment":"scroll","background-type":"","background-media":"","overlay-type":"","overlay-color":"","overlay-opacity":"","overlay-gradient":""},"mobile":{"background-color":"","background-image":"","background-repeat":"repeat","background-position":"center center","background-size":"auto","background-attachment":"scroll","background-type":"","background-media":"","overlay-type":"","overlay-color":"","overlay-opacity":"","overlay-gradient":""}},"ast-content-background-meta":{"desktop":{"background-color":"var(--ast-global-color-4)","background-image":"","background-repeat":"repeat","background-position":"center center","background-size":"auto","background-attachment":"scroll","background-type":"","background-media":"","overlay-type":"","overlay-color":"","overlay-opacity":"","overlay-gradient":""},"tablet":{"background-color":"var(--ast-global-color-4)","background-image":"","background-repeat":"repeat","background-position":"center center","background-size":"auto","background-attachment":"scroll","background-type":"","background-media":"","overlay-type":"","overlay-color":"","overlay-opacity":"","overlay-gradient":""},"mobile":{"background-color":"var(--ast-global-color-4)","background-image":"","background-repeat":"repeat","background-position":"center center","background-size":"auto","background-attachment":"scroll","background-type":"","background-media":"","overlay-type":"","overlay-color":"","overlay-opacity":"","overlay-gradient":""}},"footnotes":""},"class_list":["post-45","page","type-page","status-publish","hentry"],"_links":{"self":[{"href":"https:\/\/sunwalk.pl\/index.php?rest_route=\/wp\/v2\/pages\/45","targetHints":{"allow":["GET"]}}],"collection":[{"href":"https:\/\/sunwalk.pl\/index.php?rest_route=\/wp\/v2\/pages"}],"about":[{"href":"https:\/\/sunwalk.pl\/index.php?rest_route=\/wp\/v2\/types\/page"}],"author":[{"embeddable":true,"href":"https:\/\/sunwalk.pl\/index.php?rest_route=\/wp\/v2\/users\/1"}],"replies":[{"embeddable":true,"href":"https:\/\/sunwalk.pl\/index.php?rest_route=%2Fwp%2Fv2%2Fcomments&post=45"}],"version-history":[{"count":4,"href":"https:\/\/sunwalk.pl\/index.php?rest_route=\/wp\/v2\/pages\/45\/revisions"}],"predecessor-version":[{"id":465,"href":"https:\/\/sunwalk.pl\/index.php?rest_route=\/wp\/v2\/pages\/45\/revisions\/465"}],"wp:attachment":[{"href":"https:\/\/sunwalk.pl\/index.php?rest_route=%2Fwp%2Fv2%2Fmedia&parent=45"}],"curies":[{"name":"wp","href":"https:\/\/api.w.org\/{rel}","templated":true}]}}