{"id":409,"date":"2026-05-16T15:56:48","date_gmt":"2026-05-16T13:56:48","guid":{"rendered":"https:\/\/sunwalk.pl\/?page_id=409"},"modified":"2026-05-16T17:37:13","modified_gmt":"2026-05-16T15:37:13","slug":"o-mnie","status":"publish","type":"page","link":"https:\/\/sunwalk.pl\/?page_id=409","title":{"rendered":"o mnie pl"},"content":{"rendered":"\n<div class=\"wp-block-columns has-background is-layout-flex wp-container-core-columns-is-layout-28f84493 wp-block-columns-is-layout-flex\" style=\"background-color:#f6dfc4\">\n<div class=\"wp-block-column is-layout-flow wp-block-column-is-layout-flow\">\n<figure class=\"wp-block-image size-large\"><img loading=\"lazy\" decoding=\"async\" width=\"636\" height=\"1024\" src=\"https:\/\/sunwalk.pl\/wp-content\/uploads\/2026\/05\/TloAboutMeKlif_edited-636x1024.png\" alt=\"\" class=\"wp-image-417\" srcset=\"https:\/\/sunwalk.pl\/wp-content\/uploads\/2026\/05\/TloAboutMeKlif_edited-636x1024.png 636w, https:\/\/sunwalk.pl\/wp-content\/uploads\/2026\/05\/TloAboutMeKlif_edited-186x300.png 186w, https:\/\/sunwalk.pl\/wp-content\/uploads\/2026\/05\/TloAboutMeKlif_edited-768x1237.png 768w, https:\/\/sunwalk.pl\/wp-content\/uploads\/2026\/05\/TloAboutMeKlif_edited.png 866w\" sizes=\"auto, (max-width: 636px) 100vw, 636px\" \/><\/figure>\n<\/div>\n\n\n\n<div class=\"wp-block-column is-layout-flow wp-block-column-is-layout-flow\">\n<p><strong><em>KILKA S\u0141\u00d3W O MNIE<\/em><\/strong><\/p>\n\n\n\n<p class=\"has-text-align-left has-medium-font-size\" style=\"margin-top:var(--wp--preset--spacing--20);margin-bottom:var(--wp--preset--spacing--20)\">Urodzi\u0142am si\u0119 w Gda\u0144sku, gdzie mieszka\u0142am\u00a0<\/p>\n\n\n\n<p class=\"has-text-align-left has-medium-font-size\" style=\"margin-top:var(--wp--preset--spacing--20);margin-bottom:var(--wp--preset--spacing--20)\">przez 25 lat. Obecnie z m\u0119\u017cem, trzema synami i c\u00f3rk\u0105 mieszkamy w Gdyni. Bieganie w lesie i morsowanie, czas sp\u0119dzany ze znajomymi, kawa to jest to co lubi\u0119. Jestem fank\u0105 czekolady i frytek z ryb\u0105.<\/p>\n\n\n\n<p class=\"has-text-align-left has-medium-font-size\" style=\"margin-top:var(--wp--preset--spacing--20);margin-bottom:var(--wp--preset--spacing--20)\">Wolny czas w domu to ksi\u0105\u017cka, film dokumentalny, komedia i gry planszowe z rodzin\u0105.\u00a0<\/p>\n\n\n\n<p class=\"has-text-align-left has-medium-font-size\" style=\"margin-top:var(--wp--preset--spacing--20);margin-bottom:var(--wp--preset--spacing--20)\">I oczywi\u015bcie&nbsp; w\u0119dr\u00f3wki po Tr\u00f3jmie\u015bcie, wypady poza Tr\u00f3jmiasto to moje \u017cycie.<\/p>\n\n\n\n<p class=\"has-text-align-left has-medium-font-size\" style=\"margin-top:var(--wp--preset--spacing--20);margin-bottom:var(--wp--preset--spacing--20)\">Kurs PTTK uko\u0144czy\u0142am w 2004 roku a aktywnym przewodnikiem jestem od 2017 roku.&nbsp;<\/p>\n\n\n\n<p class=\"has-text-align-left has-medium-font-size\" style=\"margin-top:var(--wp--preset--spacing--20);margin-bottom:var(--wp--preset--spacing--20)\">Mam to szcz\u0119\u015bcie, \u017ce jako przewodnik mog\u0119 po\u0142\u0105czy\u0107 prac\u0119 ze swoj\u0105 pasj\u0105.<\/p>\n<\/div>\n<\/div>\n\n\n\n<p><\/p>\n","protected":false},"excerpt":{"rendered":"<p>KILKA S\u0141\u00d3W O MNIE Urodzi\u0142am si\u0119 w Gda\u0144sku, gdzie mieszka\u0142am\u00a0 przez 25 lat. Obecnie z m\u0119\u017cem, trzema synami i c\u00f3rk\u0105 [&hellip;]<\/p>\n","protected":false},"author":1,"featured_media":0,"parent":0,"menu_order":0,"comment_status":"closed","ping_status":"closed","template":"","meta":{"site-sidebar-layout":"default","site-content-layout":"","ast-site-content-layout":"default","site-content-style":"default","site-sidebar-style":"default","ast-global-header-display":"","ast-banner-title-visibility":"","ast-main-header-display":"","ast-hfb-above-header-display":"","ast-hfb-below-header-display":"","ast-hfb-mobile-header-display":"","site-post-title":"disabled","ast-breadcrumbs-content":"","ast-featured-img":"","footer-sml-layout":"","ast-disable-related-posts":"","theme-transparent-header-meta":"","adv-header-id-meta":"","stick-header-meta":"","header-above-stick-meta":"","header-main-stick-meta":"","header-below-stick-meta":"","astra-migrate-meta-layouts":"default","ast-page-background-enabled":"default","ast-page-background-meta":{"desktop":{"background-color":"var(--ast-global-color-5)","background-image":"","background-repeat":"repeat","background-position":"center center","background-size":"auto","background-attachment":"scroll","background-type":"","background-media":"","overlay-type":"","overlay-color":"","overlay-opacity":"","overlay-gradient":""},"tablet":{"background-color":"","background-image":"","background-repeat":"repeat","background-position":"center center","background-size":"auto","background-attachment":"scroll","background-type":"","background-media":"","overlay-type":"","overlay-color":"","overlay-opacity":"","overlay-gradient":""},"mobile":{"background-color":"","background-image":"","background-repeat":"repeat","background-position":"center center","background-size":"auto","background-attachment":"scroll","background-type":"","background-media":"","overlay-type":"","overlay-color":"","overlay-opacity":"","overlay-gradient":""}},"ast-content-background-meta":{"desktop":{"background-color":"var(--ast-global-color-4)","background-image":"","background-repeat":"repeat","background-position":"center center","background-size":"auto","background-attachment":"scroll","background-type":"","background-media":"","overlay-type":"","overlay-color":"","overlay-opacity":"","overlay-gradient":""},"tablet":{"background-color":"var(--ast-global-color-4)","background-image":"","background-repeat":"repeat","background-position":"center center","background-size":"auto","background-attachment":"scroll","background-type":"","background-media":"","overlay-type":"","overlay-color":"","overlay-opacity":"","overlay-gradient":""},"mobile":{"background-color":"var(--ast-global-color-4)","background-image":"","background-repeat":"repeat","background-position":"center center","background-size":"auto","background-attachment":"scroll","background-type":"","background-media":"","overlay-type":"","overlay-color":"","overlay-opacity":"","overlay-gradient":""}},"footnotes":""},"class_list":["post-409","page","type-page","status-publish","hentry"],"_links":{"self":[{"href":"https:\/\/sunwalk.pl\/index.php?rest_route=\/wp\/v2\/pages\/409","targetHints":{"allow":["GET"]}}],"collection":[{"href":"https:\/\/sunwalk.pl\/index.php?rest_route=\/wp\/v2\/pages"}],"about":[{"href":"https:\/\/sunwalk.pl\/index.php?rest_route=\/wp\/v2\/types\/page"}],"author":[{"embeddable":true,"href":"https:\/\/sunwalk.pl\/index.php?rest_route=\/wp\/v2\/users\/1"}],"replies":[{"embeddable":true,"href":"https:\/\/sunwalk.pl\/index.php?rest_route=%2Fwp%2Fv2%2Fcomments&post=409"}],"version-history":[{"count":2,"href":"https:\/\/sunwalk.pl\/index.php?rest_route=\/wp\/v2\/pages\/409\/revisions"}],"predecessor-version":[{"id":462,"href":"https:\/\/sunwalk.pl\/index.php?rest_route=\/wp\/v2\/pages\/409\/revisions\/462"}],"wp:attachment":[{"href":"https:\/\/sunwalk.pl\/index.php?rest_route=%2Fwp%2Fv2%2Fmedia&parent=409"}],"curies":[{"name":"wp","href":"https:\/\/api.w.org\/{rel}","templated":true}]}}