{"id":31,"date":"2026-05-16T11:50:22","date_gmt":"2026-05-16T09:50:22","guid":{"rendered":"https:\/\/sunwalk.pl\/?page_id=31"},"modified":"2026-05-16T19:26:33","modified_gmt":"2026-05-16T17:26:33","slug":"mainpage","status":"publish","type":"page","link":"https:\/\/sunwalk.pl\/","title":{"rendered":"Strona domowa"},"content":{"rendered":"\n<div class=\"wp-block-cover is-light\"><img loading=\"lazy\" decoding=\"async\" width=\"678\" height=\"1024\" class=\"wp-block-cover__image-background wp-image-32 size-large\" alt=\"\" src=\"https:\/\/sunwalk.pl\/wp-content\/uploads\/2026\/05\/IMG_20180819_072451_edited_edited-678x1024.jpg\" data-object-fit=\"cover\" srcset=\"https:\/\/sunwalk.pl\/wp-content\/uploads\/2026\/05\/IMG_20180819_072451_edited_edited-678x1024.jpg 678w, https:\/\/sunwalk.pl\/wp-content\/uploads\/2026\/05\/IMG_20180819_072451_edited_edited-199x300.jpg 199w, https:\/\/sunwalk.pl\/wp-content\/uploads\/2026\/05\/IMG_20180819_072451_edited_edited-768x1160.jpg 768w, https:\/\/sunwalk.pl\/wp-content\/uploads\/2026\/05\/IMG_20180819_072451_edited_edited-1017x1536.jpg 1017w, https:\/\/sunwalk.pl\/wp-content\/uploads\/2026\/05\/IMG_20180819_072451_edited_edited-1356x2048.jpg 1356w, https:\/\/sunwalk.pl\/wp-content\/uploads\/2026\/05\/IMG_20180819_072451_edited_edited.jpg 1695w\" sizes=\"auto, (max-width: 678px) 100vw, 678px\" \/><span aria-hidden=\"true\" class=\"wp-block-cover__background has-background-dim\" style=\"background-color:#ad9965\"><\/span><div class=\"wp-block-cover__inner-container is-layout-constrained wp-block-cover-is-layout-constrained\">\n<p class=\"has-text-align-center has-vivid-red-color has-text-color has-link-color has-large-font-size wp-elements-aebdf4bb078d96c2fa696d0dffbff955\" style=\"margin-top:var(--wp--preset--spacing--30);margin-bottom:var(--wp--preset--spacing--30)\"><strong>SUNWALK<\/strong><\/p>\n\n\n\n<p class=\"has-text-align-center has-ast-global-color-4-color has-text-color has-link-color has-medium-font-size wp-elements-26a4e1929016d03a0fa574394c7d1dec\" style=\"margin-top:0;margin-bottom:0\">Zaprasza na niezapomniane spacery&nbsp;<\/p>\n\n\n\n<p class=\"has-text-align-center has-ast-global-color-4-color has-text-color has-link-color has-medium-font-size wp-elements-6102445801e7a9fe1c38c569404b1f66\" style=\"margin-top:0;margin-bottom:0\">po Gda\u0144sku, Sopocie, Gdyni oraz okolicach Tr\u00f3jmiasta.<\/p>\n\n\n\n<p class=\"has-text-align-center has-ast-global-color-4-color has-text-color has-link-color has-medium-font-size wp-elements-640c3d755399aa8ce1d8729b4a542cbd\" style=\"margin-top:0;margin-bottom:0\">w niepowtarzalnej atmosferze.<\/p>\n\n\n\n<p class=\"has-text-align-center has-ast-global-color-4-color has-text-color has-link-color has-medium-font-size wp-elements-a8a9f4d0a19719c800d3d40a9d8b70a2\" style=\"margin-top:0;margin-bottom:0\">Odkryj uroki tego regionu w blasku s\u0142o\u0144ca s\u0142uchaj\u0105c fascynuj\u0105cych opowie\u015bci&nbsp;<\/p>\n\n\n\n<p class=\"has-light-green-cyan-color has-text-color has-link-color has-medium-font-size wp-elements-4df72c4750072758ba3b8fb3b1dd04e9\" style=\"margin-top:0;margin-bottom:0\"><\/p>\n\n\n\n<p class=\"has-text-align-center has-luminous-vivid-amber-color has-text-color has-link-color has-medium-font-size wp-elements-64769945ee557560783d2f9788994906\" style=\"margin-top:0;margin-bottom:0\">Mam ma imi\u0119 Kasia i od 2018 roku oprowadzam po Gda\u0144sku, Sopocie i Gdyni.&nbsp;<\/p>\n\n\n\n<p class=\"has-text-align-center has-luminous-vivid-amber-color has-text-color has-link-color has-medium-font-size wp-elements-37e0db74d6012d5e5f99278f71e9355e\" style=\"margin-top:0;margin-bottom:0\">Urodzi\u0142am si\u0119 w Gda\u0144sku , kt\u00f3ry ci\u0105gle odkrywam a kt\u00f3ry ci\u0105gle mnie zaskakuje.&nbsp;<\/p>\n\n\n\n<p class=\"has-text-align-center has-luminous-vivid-amber-color has-text-color has-link-color has-medium-font-size wp-elements-94523d38c2492849cd490d76d37f36e0\" style=\"margin-top:0;margin-bottom:0\">Do\u0142\u0105cz do mnie i poznaj Tr\u00f3jmiasto&nbsp;<\/p>\n\n\n\n<p class=\"has-text-align-center has-luminous-vivid-amber-color has-text-color has-link-color has-medium-font-size wp-elements-b3ab0db51789799a90da8d17610dda3c\" style=\"margin-top:0;margin-bottom:0\">Czeka na Ciebie mn\u00f3stwo ciekawych historii i niezwyk\u0142ych widok\u00f3w.<\/p>\n<\/div><\/div>\n\n\n\n<p><\/p>\n","protected":false},"excerpt":{"rendered":"","protected":false},"author":1,"featured_media":0,"parent":0,"menu_order":0,"comment_status":"closed","ping_status":"closed","template":"","meta":{"site-sidebar-layout":"default","site-content-layout":"","ast-site-content-layout":"default","site-content-style":"default","site-sidebar-style":"default","ast-global-header-display":"","ast-banner-title-visibility":"","ast-main-header-display":"","ast-hfb-above-header-display":"","ast-hfb-below-header-display":"","ast-hfb-mobile-header-display":"","site-post-title":"disabled","ast-breadcrumbs-content":"","ast-featured-img":"","footer-sml-layout":"","ast-disable-related-posts":"","theme-transparent-header-meta":"","adv-header-id-meta":"","stick-header-meta":"","header-above-stick-meta":"","header-main-stick-meta":"","header-below-stick-meta":"","astra-migrate-meta-layouts":"default","ast-page-background-enabled":"default","ast-page-background-meta":{"desktop":{"background-color":"var(--ast-global-color-5)","background-image":"","background-repeat":"repeat","background-position":"center center","background-size":"auto","background-attachment":"scroll","background-type":"","background-media":"","overlay-type":"","overlay-color":"","overlay-opacity":"","overlay-gradient":""},"tablet":{"background-color":"","background-image":"","background-repeat":"repeat","background-position":"center center","background-size":"auto","background-attachment":"scroll","background-type":"","background-media":"","overlay-type":"","overlay-color":"","overlay-opacity":"","overlay-gradient":""},"mobile":{"background-color":"","background-image":"","background-repeat":"repeat","background-position":"center center","background-size":"auto","background-attachment":"scroll","background-type":"","background-media":"","overlay-type":"","overlay-color":"","overlay-opacity":"","overlay-gradient":""}},"ast-content-background-meta":{"desktop":{"background-color":"var(--ast-global-color-4)","background-image":"","background-repeat":"repeat","background-position":"center center","background-size":"auto","background-attachment":"scroll","background-type":"","background-media":"","overlay-type":"","overlay-color":"","overlay-opacity":"","overlay-gradient":""},"tablet":{"background-color":"var(--ast-global-color-4)","background-image":"","background-repeat":"repeat","background-position":"center center","background-size":"auto","background-attachment":"scroll","background-type":"","background-media":"","overlay-type":"","overlay-color":"","overlay-opacity":"","overlay-gradient":""},"mobile":{"background-color":"var(--ast-global-color-4)","background-image":"","background-repeat":"repeat","background-position":"center center","background-size":"auto","background-attachment":"scroll","background-type":"","background-media":"","overlay-type":"","overlay-color":"","overlay-opacity":"","overlay-gradient":""}},"footnotes":""},"class_list":["post-31","page","type-page","status-publish","hentry"],"_links":{"self":[{"href":"https:\/\/sunwalk.pl\/index.php?rest_route=\/wp\/v2\/pages\/31","targetHints":{"allow":["GET"]}}],"collection":[{"href":"https:\/\/sunwalk.pl\/index.php?rest_route=\/wp\/v2\/pages"}],"about":[{"href":"https:\/\/sunwalk.pl\/index.php?rest_route=\/wp\/v2\/types\/page"}],"author":[{"embeddable":true,"href":"https:\/\/sunwalk.pl\/index.php?rest_route=\/wp\/v2\/users\/1"}],"replies":[{"embeddable":true,"href":"https:\/\/sunwalk.pl\/index.php?rest_route=%2Fwp%2Fv2%2Fcomments&post=31"}],"version-history":[{"count":9,"href":"https:\/\/sunwalk.pl\/index.php?rest_route=\/wp\/v2\/pages\/31\/revisions"}],"predecessor-version":[{"id":209,"href":"https:\/\/sunwalk.pl\/index.php?rest_route=\/wp\/v2\/pages\/31\/revisions\/209"}],"wp:attachment":[{"href":"https:\/\/sunwalk.pl\/index.php?rest_route=%2Fwp%2Fv2%2Fmedia&parent=31"}],"curies":[{"name":"wp","href":"https:\/\/api.w.org\/{rel}","templated":true}]}}